{"id":23,"date":"2012-11-01T03:19:48","date_gmt":"2012-11-01T02:19:48","guid":{"rendered":"http:\/\/www.artcomax.fr\/maxartpaint\/?page_id=23"},"modified":"2012-11-01T03:19:48","modified_gmt":"2012-11-01T02:19:48","slug":"droits","status":"publish","type":"page","link":"https:\/\/www.artcomax.fr\/maxartpaint\/droits\/","title":{"rendered":"Droits"},"content":{"rendered":"<h1 style=\"text-align: justify;\"><span style=\"color:#f37021\"<strong>Droits d\u2019auteur<\/strong><\/h1>\n<p style=\"text-align: justify;\">Le droit d\u2019auteur fran\u00e7ais est applicable sur l\u2019ensemble des \u0153uvres pr\u00e9sentes sur ce site Internet : http:\/\/www.artcomax.fr\/maxartpaint\/<\/p>\n<p style=\"text-align: justify;\">L\u2019article L.122-5 du code de la propri\u00e9t\u00e9 intellectuelle fran\u00e7ais n\u2019interdit pas :<\/p>\n<ul style=\"text-align: justify;\">\n<li>Les repr\u00e9sentations priv\u00e9es et gratuites effectu\u00e9es exclusivement dans un cercle familial.<\/li>\n<li>Les copies ou reproductions strictement r\u00e9serv\u00e9es \u00e0 l\u2019usage priv\u00e9 du copiste et non destin\u00e9es \u00e0 une utilisation collective, \u00e0 l\u2019exception des copies des \u0153uvres d\u2019art destin\u00e9es \u00e0 \u00eatre utilis\u00e9es pour des fins identiques \u00e0 celles pour lesquelles l\u2019\u0153uvre originale a \u00e9t\u00e9 cr\u00e9\u00e9e et des copies d\u2019un logiciel autres que la copie de sauvegarde \u00e9tablie dans les conditions pr\u00e9vues au II de l\u2019article L. 122-6-1 ainsi que des copies ou des reproductions d\u2019une base de donn\u00e9es \u00e9lectronique.<\/li>\n<\/ul>\n<p style=\"text-align: justify;\"><strong>L\u2019artiste n\u2019accorde pas de droit de reproduction, ni de droit de repr\u00e9sentation des \u0153uvres pr\u00e9sentes sur ce site Internet (http:\/\/www.artcomax.fr\/maxartpaint\/) sans son accord pr\u00e9alable.<\/strong><br \/>\nPour toute demande sp\u00e9cifique li\u00e9e aux droits de reproduction, de copie ou de diffusion, merci de <a href=\"mailto:maxartpaint@gmail.com\">contacter<\/a> directement l\u2019artiste.<\/p>\n<p style=\"text-align: justify;\">Cliquez pour en savoir plus sur le \u00ab <a title=\"droit d'auteur\" href=\"http:\/\/fr.wikipedia.org\/wiki\/Droit_d%27auteur\" target=\"_blank\">droit d\u2019auteur<\/a>\u00a0\u00bb.<\/p>\n<p>&nbsp;<\/p>\n","protected":false},"excerpt":{"rendered":"","protected":false},"author":1,"featured_media":0,"parent":0,"menu_order":3,"comment_status":"closed","ping_status":"closed","template":"","meta":{"jetpack_post_was_ever_published":false,"footnotes":""},"class_list":["post-23","page","type-page","status-publish","hentry"],"jetpack_sharing_enabled":true,"jetpack_shortlink":"https:\/\/wp.me\/P2RefS-n","jetpack-related-posts":[],"_links":{"self":[{"href":"https:\/\/www.artcomax.fr\/maxartpaint\/wp-json\/wp\/v2\/pages\/23","targetHints":{"allow":["GET"]}}],"collection":[{"href":"https:\/\/www.artcomax.fr\/maxartpaint\/wp-json\/wp\/v2\/pages"}],"about":[{"href":"https:\/\/www.artcomax.fr\/maxartpaint\/wp-json\/wp\/v2\/types\/page"}],"author":[{"embeddable":true,"href":"https:\/\/www.artcomax.fr\/maxartpaint\/wp-json\/wp\/v2\/users\/1"}],"replies":[{"embeddable":true,"href":"https:\/\/www.artcomax.fr\/maxartpaint\/wp-json\/wp\/v2\/comments?post=23"}],"version-history":[{"count":0,"href":"https:\/\/www.artcomax.fr\/maxartpaint\/wp-json\/wp\/v2\/pages\/23\/revisions"}],"wp:attachment":[{"href":"https:\/\/www.artcomax.fr\/maxartpaint\/wp-json\/wp\/v2\/media?parent=23"}],"curies":[{"name":"wp","href":"https:\/\/api.w.org\/{rel}","templated":true}]}}