{"id":3765,"date":"2013-10-30T22:04:36","date_gmt":"2013-10-30T21:04:36","guid":{"rendered":"http:\/\/www.artcomax.fr\/maxartpaint\/?page_id=3765"},"modified":"2020-11-02T16:10:14","modified_gmt":"2020-11-02T16:10:14","slug":"accueil","status":"publish","type":"page","link":"https:\/\/www.artcomax.fr\/maxartpaint\/","title":{"rendered":"Accueil"},"content":{"rendered":"<h2 style=\"text-align: center;\">Derni\u00e8res actualit\u00e9s<\/h2>\n<div style=\"margin-top:30px;margin-bottom:60px;\" class=\"separator\"><\/div>\n<div class=\"four_columns clearfix\">\n<div class=\"column1\"><div class=\"column_inner\">\n<h3 style=\"text-align: center;\"><a href=\"http:\/\/www.artcomax.fr\/maxartpaint\/tag\/huile\/\" style=\"color:#6E7C71;\">Peintures \u00e0 l&rsquo;Huile<\/a><\/h3>\n<div style=\"margin-top:20px;margin-bottom:30px;\" class=\"separator\"><\/div>\n<div class='latest_post_holder normal'><ul><li class=\"\"><div class=\"latest_post\"><a href=\"https:\/\/www.artcomax.fr\/maxartpaint\/iris\/\"><img loading=\"lazy\" decoding=\"async\" width=\"679\" height=\"825\" src=\"https:\/\/www.artcomax.fr\/maxartpaint\/wp-content\/uploads\/2015\/01\/Iris.jpg\" class=\"attachment-full size-full wp-post-image\" alt=\"\" srcset=\"https:\/\/www.artcomax.fr\/maxartpaint\/wp-content\/uploads\/2015\/01\/Iris.jpg 679w, https:\/\/www.artcomax.fr\/maxartpaint\/wp-content\/uploads\/2015\/01\/Iris-247x300.jpg 247w\" sizes=\"auto, (max-width: 679px) 100vw, 679px\" \/><\/a><div class=\"latest_post_text\"><span>03 Apr 2013<\/span><h4><a href=\"https:\/\/www.artcomax.fr\/maxartpaint\/iris\/\">Iris<\/a><\/h4><p>Titre : \u00ab\u00a0Iris \u00bb Format : 65 x 54 cm Support : toile sur ch\u00e2ssis Mati\u00e8re : peinture \u00e0 l\u2019huile &nbsp;<\/p><\/div><\/div><\/li><\/ul><\/div>\n<\/div><\/div>\n<div class=\"column2\"><div class=\"column_inner\">\n<h3 style=\"text-align: center;\"><a href=\"http:\/\/www.artcomax.fr\/maxartpaint\/tag\/pastel\/\" style=\"color:#6E7C71;\">Peintures au Pastel<\/a><\/h3>\n<div style=\"margin-top:20px;margin-bottom:30px;\" class=\"separator\"><\/div>\n<div class='latest_post_holder normal'><ul><li class=\"\"><div class=\"latest_post\"><a href=\"https:\/\/www.artcomax.fr\/maxartpaint\/au-bord-de-la-route\/\"><img loading=\"lazy\" decoding=\"async\" width=\"886\" height=\"634\" src=\"https:\/\/www.artcomax.fr\/maxartpaint\/wp-content\/uploads\/2016\/02\/AuBordDeLaRoute_350x500.jpg\" class=\"attachment-full size-full wp-post-image\" alt=\"\" srcset=\"https:\/\/www.artcomax.fr\/maxartpaint\/wp-content\/uploads\/2016\/02\/AuBordDeLaRoute_350x500.jpg 886w, https:\/\/www.artcomax.fr\/maxartpaint\/wp-content\/uploads\/2016\/02\/AuBordDeLaRoute_350x500-300x215.jpg 300w, https:\/\/www.artcomax.fr\/maxartpaint\/wp-content\/uploads\/2016\/02\/AuBordDeLaRoute_350x500-768x550.jpg 768w\" sizes=\"auto, (max-width: 886px) 100vw, 886px\" \/><\/a><div class=\"latest_post_text\"><span>24 Feb 2016<\/span><h4><a href=\"https:\/\/www.artcomax.fr\/maxartpaint\/au-bord-de-la-route\/\">Au Bord De La Route<\/a><\/h4><p>Titre : \u00ab Au Bord De La Route \u00bb Format : 35 x 50 cm Support : papier Mati&egrave;res : fusain et peinture au pastel &n<\/p><\/div><\/div><\/li><\/ul><\/div>\n<\/div><\/div>\n<div class=\"column3\"><div class=\"column_inner\">\n<h3 style=\"text-align: center;\"><a href=\"http:\/\/www.artcomax.fr\/maxartpaint\/tag\/numerique\/\" style=\"color:#6E7C71;\">Peintures Num\u00e9riques<\/a><\/h3>\n<div style=\"margin-top:20px;margin-bottom:30px;\" class=\"separator\"><\/div>\n<div class='latest_post_holder normal'><ul><li class=\"\"><div class=\"latest_post\"><a href=\"https:\/\/www.artcomax.fr\/maxartpaint\/numeric-03\/\"><img loading=\"lazy\" decoding=\"async\" width=\"800\" height=\"1280\" src=\"https:\/\/www.artcomax.fr\/maxartpaint\/wp-content\/uploads\/2015\/01\/numeric_03.jpg\" class=\"attachment-full size-full wp-post-image\" alt=\"\" srcset=\"https:\/\/www.artcomax.fr\/maxartpaint\/wp-content\/uploads\/2015\/01\/numeric_03.jpg 800w, https:\/\/www.artcomax.fr\/maxartpaint\/wp-content\/uploads\/2015\/01\/numeric_03-188x300.jpg 188w, https:\/\/www.artcomax.fr\/maxartpaint\/wp-content\/uploads\/2015\/01\/numeric_03-640x1024.jpg 640w\" sizes=\"auto, (max-width: 800px) 100vw, 800px\" \/><\/a><div class=\"latest_post_text\"><span>07 Nov 2014<\/span><h4><a href=\"https:\/\/www.artcomax.fr\/maxartpaint\/numeric-03\/\">Numeric #03<\/a><\/h4><p>Titre :\u00a0\u00ab Numeric #03 \u00bb Support :\u00a0num\u00e9rique &nbsp; &nbsp;<\/p><\/div><\/div><\/li><\/ul><\/div>\n<\/div><\/div>\n<div class=\"column4\"><div class=\"column_inner\">\n<h3 style=\"text-align: center;\"><a href=\"https:\/\/www.artcomax.fr\/maxartpaint\/category\/disponibles\/dessins-disponibles\/\" style=\"color:#6E7C71;\">Dessins<\/a><\/h3>\n<div style=\"margin-top:20px;margin-bottom:30px;\" class=\"separator\"><\/div>\n<div class='latest_post_holder normal'><ul><li class=\"\"><div class=\"latest_post\"><a href=\"https:\/\/www.artcomax.fr\/maxartpaint\/deux-arbres\/\"><img loading=\"lazy\" decoding=\"async\" width=\"617\" height=\"877\" src=\"https:\/\/www.artcomax.fr\/maxartpaint\/wp-content\/uploads\/2016\/02\/DeuxArbres_755x530.jpg\" class=\"attachment-full size-full wp-post-image\" alt=\"\" srcset=\"https:\/\/www.artcomax.fr\/maxartpaint\/wp-content\/uploads\/2016\/02\/DeuxArbres_755x530.jpg 617w, https:\/\/www.artcomax.fr\/maxartpaint\/wp-content\/uploads\/2016\/02\/DeuxArbres_755x530-211x300.jpg 211w\" sizes=\"auto, (max-width: 617px) 100vw, 617px\" \/><\/a><div class=\"latest_post_text\"><span>17 Feb 2016<\/span><h4><a href=\"https:\/\/www.artcomax.fr\/maxartpaint\/deux-arbres\/\">Deux Arbres<\/a><\/h4><p>Titre : \u00ab Deux Arbres \u00bb Format : 75,5 x 53 cm Support : papier Mati&egrave;re : peinture au pastel &nbsp; &nbsp; &nbsp<\/p><\/div><\/div><\/li><\/ul><\/div>\n<\/div><\/div>\n<\/div>\n<div style=\"margin-top:20px;margin-bottom:20px;background-color: #E9E9E9;height:1px;\" class=\"separator\"><\/div>\n<div class=\"three_columns clearfix\">\n<div class=\"column1\"><div class=\"column_inner\">\n&nbsp;<\/p>\n<\/div><\/div>\n<div class=\"column2\"><div class=\"column_inner\">\n<h3 style=\"text-align: center;\"><a href=\"http:\/\/www.artcomax.fr\/maxartpaint\/expositions\/\" style=\"color:#6E7C71;\">Expositions<\/a><\/h3>\n<div style=\"margin-top:20px;margin-bottom:30px;\" class=\"separator\"><\/div>\n<div class='latest_post_holder normal'><ul><li class=\"\"><div class=\"latest_post\"><a href=\"https:\/\/www.artcomax.fr\/maxartpaint\/950\/\"><img loading=\"lazy\" decoding=\"async\" width=\"576\" height=\"768\" src=\"https:\/\/www.artcomax.fr\/maxartpaint\/wp-content\/uploads\/2013\/06\/1371893017982.jpg\" class=\"attachment-full size-full wp-post-image\" alt=\"\" srcset=\"https:\/\/www.artcomax.fr\/maxartpaint\/wp-content\/uploads\/2013\/06\/1371893017982.jpg 576w, https:\/\/www.artcomax.fr\/maxartpaint\/wp-content\/uploads\/2013\/06\/1371893017982-225x300.jpg 225w\" sizes=\"auto, (max-width: 576px) 100vw, 576px\" \/><\/a><div class=\"latest_post_text\"><span>26 Jun 2013<\/span><h4><a href=\"https:\/\/www.artcomax.fr\/maxartpaint\/950\/\">1\u00e8re Exposition du collectif d\u2019artistes \u00ab\u00a0A\u00a0l\u2019Ouest\u00a0\u00bb en plein coeur de Paris !<\/a><\/h4><p>Les artistes du collectif\u00a0\u201cA l\u2019Ouest\u201d exposent \u00e0 la Galerie \u201cI comme Ph\u00e9nix\u201d en plein c\u0153ur de Paris. Un \u00e9<\/p><\/div><\/div><\/li><\/ul><\/div>\n<\/div><\/div>\n<div class=\"column3\"><div class=\"column_inner\">\n&nbsp;<\/p>\n<\/div><\/div>\n<\/div>\n","protected":false},"excerpt":{"rendered":"<p>Derni\u00e8res actualit\u00e9s<\/p>\n","protected":false},"author":1,"featured_media":0,"parent":0,"menu_order":0,"comment_status":"open","ping_status":"open","template":"","meta":{"jetpack_post_was_ever_published":false,"footnotes":""},"class_list":["post-3765","page","type-page","status-publish","hentry"],"jetpack_sharing_enabled":true,"jetpack_shortlink":"https:\/\/wp.me\/P2RefS-YJ","jetpack-related-posts":[{"id":3856,"url":"https:\/\/www.artcomax.fr\/maxartpaint\/oeuvres\/","url_meta":{"origin":3765,"position":0},"title":"\u0152uvres","author":"maxartpaint","date":"3 novembre 2013","format":false,"excerpt":"\u00a0 \u00a0","rel":"","context":"Article similaire","block_context":{"text":"Article similaire","link":""},"img":{"alt_text":"","src":"","width":0,"height":0},"classes":[]}],"_links":{"self":[{"href":"https:\/\/www.artcomax.fr\/maxartpaint\/wp-json\/wp\/v2\/pages\/3765","targetHints":{"allow":["GET"]}}],"collection":[{"href":"https:\/\/www.artcomax.fr\/maxartpaint\/wp-json\/wp\/v2\/pages"}],"about":[{"href":"https:\/\/www.artcomax.fr\/maxartpaint\/wp-json\/wp\/v2\/types\/page"}],"author":[{"embeddable":true,"href":"https:\/\/www.artcomax.fr\/maxartpaint\/wp-json\/wp\/v2\/users\/1"}],"replies":[{"embeddable":true,"href":"https:\/\/www.artcomax.fr\/maxartpaint\/wp-json\/wp\/v2\/comments?post=3765"}],"version-history":[{"count":9,"href":"https:\/\/www.artcomax.fr\/maxartpaint\/wp-json\/wp\/v2\/pages\/3765\/revisions"}],"predecessor-version":[{"id":5280,"href":"https:\/\/www.artcomax.fr\/maxartpaint\/wp-json\/wp\/v2\/pages\/3765\/revisions\/5280"}],"wp:attachment":[{"href":"https:\/\/www.artcomax.fr\/maxartpaint\/wp-json\/wp\/v2\/media?parent=3765"}],"curies":[{"name":"wp","href":"https:\/\/api.w.org\/{rel}","templated":true}]}}