{"id":51,"date":"2012-11-02T11:47:38","date_gmt":"2012-11-02T10:47:38","guid":{"rendered":"http:\/\/www.artcomax.fr\/maxartpaint\/?page_id=51"},"modified":"2016-03-24T10:41:13","modified_gmt":"2016-03-24T10:41:13","slug":"expositions","status":"publish","type":"page","link":"https:\/\/www.artcomax.fr\/maxartpaint\/expositions\/","title":{"rendered":"Expositions"},"content":{"rendered":"<p><strong><span style=\"color: #ea4000; font-size: 35px;\">2013<\/span><\/strong><\/p>\n<p>Exposition permanente \u00e0 la galerie\u00a0<strong><span style=\"color: #ea4000;\">Artitude<\/span><\/strong> :<br \/>\n4, avenue Paul D\u00e9roul\u00e8de<br \/>\n75015 Paris<\/p>\n<p>Contact :<br \/>\n<strong>E-mail<\/strong> : <a title=\"lorriaux@artitudeparis.com\" href=\"mailto:lorriaux@artitudeparis.com\" target=\"_blank\"><strong>lorriaux@artitudeparis.com<\/strong> <\/a><br \/>\n<strong>T\u00e9l\u00e9phone<\/strong> : +33 (0)1 45 66 66 33<br \/>\n<strong>Portable <\/strong>: +33 (0)6 08 09 18 16<\/p>\n<p><center>* * * * * * * * *<\/center><\/p>\n<ul>\n<li><span style=\"color: #ea4000;\"> mars 2013 :<\/span><br \/>\nExposition dans la galerie \u00ab\u00a0Artitude\u00a0\u00bb \u00e0 PARIS (75)<br \/>\n<a href=\"http:\/\/www.artcomax.fr\/maxartpaint\/wp-content\/uploads\/2013\/02\/CartonInvitation_MaximeCLABOT_21x10_300dpi_01.jpg\" rel=\"attachment wp-att-4832\"><img loading=\"lazy\" decoding=\"async\" src=\"http:\/\/www.artcomax.fr\/maxartpaint\/wp-content\/uploads\/2013\/02\/CartonInvitation_MaximeCLABOT_21x10_300dpi_01-150x150.jpg\" alt=\"CartonInvitation_MaximeCLABOT_21x10_300dpi_01\" width=\"150\" height=\"150\" class=\"alignleft size-thumbnail wp-image-4832\" srcset=\"https:\/\/www.artcomax.fr\/maxartpaint\/wp-content\/uploads\/2013\/02\/CartonInvitation_MaximeCLABOT_21x10_300dpi_01-150x150.jpg 150w, https:\/\/www.artcomax.fr\/maxartpaint\/wp-content\/uploads\/2013\/02\/CartonInvitation_MaximeCLABOT_21x10_300dpi_01-90x90.jpg 90w\" sizes=\"auto, (max-width: 150px) 100vw, 150px\" \/><\/a><\/li>\n<\/ul>\n<p>&nbsp;<\/p>\n<p>&nbsp;<\/p>\n<p>&nbsp;<\/p>\n<p>&nbsp;<\/p>\n<p>&nbsp;<\/p>\n<ul>\n<li><span style=\"color: #ea4000;\"> juin-juillet 2013 :<br \/>\n<\/span>Exposition dans la galerie \u00ab\u00a0I comme Ph\u00e9nix\u00a0\u00bb \u00e0 PARIS (75),<br \/>\navec le collectif \u00ab\u00a0<a title=\"Art Gallery \u00e0 L'Ouest\" href=\"http:\/\/www.artgallery-alouest.com\/\" target=\"_blank\">Art Gallery \u00e0 L&rsquo;Ouest<\/a>\u00a0\u00bb<br \/>\n<a href=\"http:\/\/www.artcomax.fr\/maxartpaint\/wp-content\/uploads\/2013\/06\/1371893017982.jpg\" rel=\"attachment wp-att-4755\"><img loading=\"lazy\" decoding=\"async\" src=\"http:\/\/www.artcomax.fr\/maxartpaint\/wp-content\/uploads\/2013\/06\/1371893017982-150x150.jpg\" alt=\"1371893017982\" width=\"150\" height=\"150\" class=\"alignleft size-thumbnail wp-image-4755\" srcset=\"https:\/\/www.artcomax.fr\/maxartpaint\/wp-content\/uploads\/2013\/06\/1371893017982-150x150.jpg 150w, https:\/\/www.artcomax.fr\/maxartpaint\/wp-content\/uploads\/2013\/06\/1371893017982-90x90.jpg 90w\" sizes=\"auto, (max-width: 150px) 100vw, 150px\" \/><\/a><\/li>\n<\/ul>\n<p>&nbsp;<\/p>\n<p>&nbsp;<\/p>\n<p>&nbsp;<\/p>\n<p>&nbsp;<\/p>\n<p>&nbsp;<\/p>\n<p><center>\u00b0oOo\u00b0\u00b0oOo\u00b0\u00b0oOo\u00b0\u00b0oOo\u00b0\u00b0oOo\u00b0\u00b0oOo\u00b0\u00b0oOo\u00b0\u00b0oOo\u00b0<\/center>&nbsp;<\/p>\n<p>&nbsp;<\/p>\n<p><strong><span style=\"color: #ea4000; font-size: 35px;\">2012<\/span><\/strong><\/p>\n<p>Exposition permanente \u00e0 la galerie <strong><span style=\"color: #ea4000;\">Artitude<\/span><\/strong> :<br \/>\n4, avenue Paul D\u00e9roul\u00e8de<br \/>\n75015 Paris<\/p>\n<p>Contact :<br \/>\n<strong>E-mail<\/strong> : <a title=\"lorriaux@artitudeparis.com\" href=\"mailto:lorriaux@artitudeparis.com\" target=\"_blank\"><strong>lorriaux@artitudeparis.com<\/strong> <\/a><br \/>\n<strong>T\u00e9l\u00e9phone<\/strong> : +33 (0)1 45 66 66 33<br \/>\n<strong>Portable <\/strong>: +33 (0)6 08 09 18 16<\/p>\n<p><center>* * * * * * * * *<\/center><\/p>\n<ul>\n<li><span style=\"color: #ea4000;\">mars 2012 :<\/span><br \/>\nExposition dans la galerie marchande de B\u00e9nouville (14)<\/li>\n<li><span style=\"color: #ea4000;\">octobre 2012 :<\/span><br \/>\nExposition \u00e0 l&rsquo;espace Pierre CARDIN dans le cadre de la 4<sup>\u00e8me<\/sup> \u00e9dition du salon d&rsquo;Art contemporain (75)<br \/>\n<a href=\"http:\/\/www.artcomax.fr\/maxartpaint\/wp-content\/uploads\/2012\/11\/InvitEspacePC.jpg\" rel=\"attachment wp-att-5197\"><img loading=\"lazy\" decoding=\"async\" src=\"http:\/\/www.artcomax.fr\/maxartpaint\/wp-content\/uploads\/2012\/11\/InvitEspacePC-150x150.jpg\" alt=\"InvitEspacePC\" width=\"150\" height=\"150\" class=\"alignleft size-thumbnail wp-image-5197\" srcset=\"https:\/\/www.artcomax.fr\/maxartpaint\/wp-content\/uploads\/2012\/11\/InvitEspacePC-150x150.jpg 150w, https:\/\/www.artcomax.fr\/maxartpaint\/wp-content\/uploads\/2012\/11\/InvitEspacePC-90x90.jpg 90w\" sizes=\"auto, (max-width: 150px) 100vw, 150px\" \/><\/a><\/li>\n<\/ul>\n","protected":false},"excerpt":{"rendered":"<p>2013 Exposition permanente \u00e0 la galerie\u00a0Artitude : 4, avenue Paul D\u00e9roul\u00e8de 75015 Paris Contact : E-mail : lorriaux@artitudeparis.com T\u00e9l\u00e9phone : +33 (0)1 45 66 66 33 Portable : +33 (0)6 08 09 18 16 * * * * * * * * * mars 2013&#8230;<\/p>\n","protected":false},"author":1,"featured_media":0,"parent":0,"menu_order":2,"comment_status":"closed","ping_status":"closed","template":"","meta":{"jetpack_post_was_ever_published":false,"footnotes":""},"class_list":["post-51","page","type-page","status-publish","hentry"],"jetpack_sharing_enabled":true,"jetpack_shortlink":"https:\/\/wp.me\/P2RefS-P","jetpack-related-posts":[],"_links":{"self":[{"href":"https:\/\/www.artcomax.fr\/maxartpaint\/wp-json\/wp\/v2\/pages\/51","targetHints":{"allow":["GET"]}}],"collection":[{"href":"https:\/\/www.artcomax.fr\/maxartpaint\/wp-json\/wp\/v2\/pages"}],"about":[{"href":"https:\/\/www.artcomax.fr\/maxartpaint\/wp-json\/wp\/v2\/types\/page"}],"author":[{"embeddable":true,"href":"https:\/\/www.artcomax.fr\/maxartpaint\/wp-json\/wp\/v2\/users\/1"}],"replies":[{"embeddable":true,"href":"https:\/\/www.artcomax.fr\/maxartpaint\/wp-json\/wp\/v2\/comments?post=51"}],"version-history":[{"count":1,"href":"https:\/\/www.artcomax.fr\/maxartpaint\/wp-json\/wp\/v2\/pages\/51\/revisions"}],"predecessor-version":[{"id":5198,"href":"https:\/\/www.artcomax.fr\/maxartpaint\/wp-json\/wp\/v2\/pages\/51\/revisions\/5198"}],"wp:attachment":[{"href":"https:\/\/www.artcomax.fr\/maxartpaint\/wp-json\/wp\/v2\/media?parent=51"}],"curies":[{"name":"wp","href":"https:\/\/api.w.org\/{rel}","templated":true}]}}